{"id":29110,"date":"2026-03-11T10:41:11","date_gmt":"2026-03-11T10:41:11","guid":{"rendered":"https:\/\/www.nuviatech-protection.com\/?page_id=29110"},"modified":"2026-03-11T10:41:12","modified_gmt":"2026-03-11T10:41:12","slug":"pravni-upozorneni","status":"publish","type":"page","link":"https:\/\/www.nuviatech-protection.com\/cs\/pravni-upozorneni\/","title":{"rendered":"Pr\u00e1vn\u00ed upozorn\u011bn\u00ed"},"content":{"rendered":"\n<h2 class=\"wp-block-heading\">\u0160\u00e9fredaktor<\/h2>\n\n\n\n<p>Bruno LANCIA<\/p>\n\n\n\n<h2 class=\"wp-block-heading\">Vydavatel<\/h2>\n\n\n\n<p>Web Soletanche Freyssinet je vlastnictv\u00edm spole\u010dnosti Soletanche Freyssinet, spole\u010dnost s jednoduchou akciovou formou (SAS) s kapit\u00e1lem 214 265 025 eur, zapsan\u00e1 v obchodn\u00edm rejst\u0159\u00edku Nanterre pod \u010d\u00edslem 562 134 544, se s\u00eddlem 280, avenue Napol\u00e9on Bonaparte, 92500 RUEIL MALMAISON \u2013 Francie, tel.: +33 (0)1 47 76 42 62.<br>Identifika\u010dn\u00ed \u010d\u00edslo DPH: FR 56 562 134 544<\/p>\n\n\n\n<h2 class=\"wp-block-heading\">\u0158\u00edzen\u00ed, redakce a koordinace:<\/h2>\n\n\n\n<p>Komunika\u010dn\u00ed odd\u011blen\u00ed NUVIA, Carla VARENE<\/p>\n\n\n\n<h2 class=\"wp-block-heading\">Fotografick\u00e9 kredity:  <\/h2>\n\n\n\n<p>Fotot\u00e9ka NUVIA ; Jean-Marie HURON ; Tom PEYRAT.<\/p>\n\n\n\n<h2 class=\"wp-block-heading\">Kontaktn\u00ed \u00fadaje poskytovatele hostingu webu<\/h2>\n\n\n\n<p><strong>OVH&nbsp;SAS<\/strong><br>2 rue Kellermann<br>59100 \u2013 Roubaix<br>T\u00e9l : 1007<br><a href=\"https:\/\/www.ovh.com\/fr\/\" target=\"_blank\" rel=\"noreferrer noopener\">https:\/\/www.ovh.com\/fr<\/a><\/p>\n\n\n\n<p><\/p>\n\n\n\n<h2 class=\"wp-block-heading\">Kontaktn\u00ed \u00fadaje tv\u016frce webov\u00fdch str\u00e1nek<\/h2>\n\n\n\n<p><strong>PENTALOG<\/strong><br>Odd\u011blen\u00ed v\u00fdvoje a marketingu IT &amp; IT outsourcing<br>1 rue des Hauts <br>45380 La Chapelle Saint-Mesmin<br><a href=\"https:\/\/www.pentalog.fr\/\">https:\/\/www.pentalog.fr<\/a><\/p>\n\n\n\n<p><\/p>\n","protected":false},"excerpt":{"rendered":"<p>\u0160\u00e9fredaktor Bruno LANCIA Vydavatel Web Soletanche Freyssinet je vlastnictv\u00edm spole\u010dnosti Soletanche Freyssinet, spole\u010dnost s jednoduchou akciovou formou (SAS) s kapit\u00e1lem 214 265 025 eur, zapsan\u00e1 v obchodn\u00edm rejst\u0159\u00edku Nanterre pod \u010d\u00edslem 562 134 544, se s\u00eddlem 280, avenue Napol\u00e9on Bonaparte, 92500 RUEIL MALMAISON \u2013 Francie, tel.: +33 (0)1 47 76 42 62.Identifika\u010dn\u00ed \u010d\u00edslo DPH: FR [&hellip;]<\/p>\n","protected":false},"author":132,"featured_media":0,"parent":0,"menu_order":0,"comment_status":"closed","ping_status":"closed","template":"","meta":{"_relevanssi_hide_post":"","_relevanssi_hide_content":"","_relevanssi_pin_for_all":"","_relevanssi_pin_keywords":"","_relevanssi_unpin_keywords":"","_relevanssi_related_keywords":"","_relevanssi_related_include_ids":"","_relevanssi_related_exclude_ids":"","_relevanssi_related_no_append":"","_relevanssi_related_not_related":"","_relevanssi_related_posts":"16739,16733,16736","_relevanssi_noindex_reason":"","footnotes":""},"class_list":["post-29110","page","type-page","status-publish","hentry"],"acf":[],"yoast_head":"<!-- This site is optimized with the Yoast SEO plugin v26.6 - https:\/\/yoast.com\/wordpress\/plugins\/seo\/ -->\n<title>Pr\u00e1vn\u00ed upozorn\u011bn\u00ed - Nuvia<\/title>\n<meta name=\"robots\" content=\"index, follow, max-snippet:-1, max-image-preview:large, max-video-preview:-1\" \/>\n<link rel=\"canonical\" href=\"https:\/\/www.nuviatech-protection.com\/cs\/pravni-upozorneni\/\" \/>\n<meta property=\"og:locale\" content=\"cs_CZ\" \/>\n<meta property=\"og:type\" content=\"article\" \/>\n<meta property=\"og:title\" content=\"Pr\u00e1vn\u00ed upozorn\u011bn\u00ed - Nuvia\" \/>\n<meta property=\"og:description\" content=\"\u0160\u00e9fredaktor Bruno LANCIA Vydavatel Web Soletanche Freyssinet je vlastnictv\u00edm spole\u010dnosti Soletanche Freyssinet, spole\u010dnost s jednoduchou akciovou formou (SAS) s kapit\u00e1lem 214 265 025 eur, zapsan\u00e1 v obchodn\u00edm rejst\u0159\u00edku Nanterre pod \u010d\u00edslem 562 134 544, se s\u00eddlem 280, avenue Napol\u00e9on Bonaparte, 92500 RUEIL MALMAISON \u2013 Francie, tel.: +33 (0)1 47 76 42 62.Identifika\u010dn\u00ed \u010d\u00edslo DPH: FR [&hellip;]\" \/>\n<meta property=\"og:url\" content=\"https:\/\/www.nuviatech-protection.com\/cs\/pravni-upozorneni\/\" \/>\n<meta property=\"og:site_name\" content=\"Nuvia\" \/>\n<meta property=\"article:modified_time\" content=\"2026-03-11T10:41:12+00:00\" \/>\n<meta name=\"twitter:card\" content=\"summary_large_image\" \/>\n<meta name=\"twitter:label1\" content=\"Odhadovan\u00e1 doba \u010dten\u00ed\" \/>\n\t<meta name=\"twitter:data1\" content=\"1 minuta\" \/>\n<!-- \/ Yoast SEO plugin. -->","yoast_head_json":{"title":"Pr\u00e1vn\u00ed upozorn\u011bn\u00ed - Nuvia","robots":{"index":"index","follow":"follow","max-snippet":"max-snippet:-1","max-image-preview":"max-image-preview:large","max-video-preview":"max-video-preview:-1"},"canonical":"https:\/\/www.nuviatech-protection.com\/cs\/pravni-upozorneni\/","og_locale":"cs_CZ","og_type":"article","og_title":"Pr\u00e1vn\u00ed upozorn\u011bn\u00ed - Nuvia","og_description":"\u0160\u00e9fredaktor Bruno LANCIA Vydavatel Web Soletanche Freyssinet je vlastnictv\u00edm spole\u010dnosti Soletanche Freyssinet, spole\u010dnost s jednoduchou akciovou formou (SAS) s kapit\u00e1lem 214 265 025 eur, zapsan\u00e1 v obchodn\u00edm rejst\u0159\u00edku Nanterre pod \u010d\u00edslem 562 134 544, se s\u00eddlem 280, avenue Napol\u00e9on Bonaparte, 92500 RUEIL MALMAISON \u2013 Francie, tel.: +33 (0)1 47 76 42 62.Identifika\u010dn\u00ed \u010d\u00edslo DPH: FR [&hellip;]","og_url":"https:\/\/www.nuviatech-protection.com\/cs\/pravni-upozorneni\/","og_site_name":"Nuvia","article_modified_time":"2026-03-11T10:41:12+00:00","twitter_card":"summary_large_image","twitter_misc":{"Odhadovan\u00e1 doba \u010dten\u00ed":"1 minuta"},"schema":{"@context":"https:\/\/schema.org","@graph":[{"@type":"WebPage","@id":"https:\/\/www.nuviatech-protection.com\/cs\/pravni-upozorneni\/","url":"https:\/\/www.nuviatech-protection.com\/cs\/pravni-upozorneni\/","name":"Pr\u00e1vn\u00ed upozorn\u011bn\u00ed - Nuvia","isPartOf":{"@id":"https:\/\/www.nuviatech-protection.com\/cs\/#website"},"datePublished":"2026-03-11T10:41:11+00:00","dateModified":"2026-03-11T10:41:12+00:00","breadcrumb":{"@id":"https:\/\/www.nuviatech-protection.com\/cs\/pravni-upozorneni\/#breadcrumb"},"inLanguage":"cs","potentialAction":[{"@type":"ReadAction","target":["https:\/\/www.nuviatech-protection.com\/cs\/pravni-upozorneni\/"]}]},{"@type":"BreadcrumbList","@id":"https:\/\/www.nuviatech-protection.com\/cs\/pravni-upozorneni\/#breadcrumb","itemListElement":[{"@type":"ListItem","position":1,"name":"Home","item":"https:\/\/www.nuviatech-protection.com\/cs\/"},{"@type":"ListItem","position":2,"name":"Pr\u00e1vn\u00ed upozorn\u011bn\u00ed"}]},{"@type":"WebSite","@id":"https:\/\/www.nuviatech-protection.com\/cs\/#website","url":"https:\/\/www.nuviatech-protection.com\/cs\/","name":"Nuvia","description":"","publisher":{"@id":"https:\/\/www.nuviatech-protection.com\/cs\/#organization"},"potentialAction":[{"@type":"SearchAction","target":{"@type":"EntryPoint","urlTemplate":"https:\/\/www.nuviatech-protection.com\/cs\/?s={search_term_string}"},"query-input":{"@type":"PropertyValueSpecification","valueRequired":true,"valueName":"search_term_string"}}],"inLanguage":"cs"},{"@type":"Organization","@id":"https:\/\/www.nuviatech-protection.com\/cs\/#organization","name":"Nuviatech Protection","url":"https:\/\/www.nuviatech-protection.com\/cs\/","logo":{"@type":"ImageObject","inLanguage":"cs","@id":"https:\/\/www.nuviatech-protection.com\/cs\/#\/schema\/logo\/image\/","url":"https:\/\/www.nuviatech-protection.com\/wp-content\/uploads\/2021\/09\/logo.png","contentUrl":"https:\/\/www.nuviatech-protection.com\/wp-content\/uploads\/2021\/09\/logo.png","width":204,"height":49,"caption":"Nuviatech Protection"},"image":{"@id":"https:\/\/www.nuviatech-protection.com\/cs\/#\/schema\/logo\/image\/"}}]}},"_links":{"self":[{"href":"https:\/\/www.nuviatech-protection.com\/cs\/wp-json\/wp\/v2\/pages\/29110","targetHints":{"allow":["GET"]}}],"collection":[{"href":"https:\/\/www.nuviatech-protection.com\/cs\/wp-json\/wp\/v2\/pages"}],"about":[{"href":"https:\/\/www.nuviatech-protection.com\/cs\/wp-json\/wp\/v2\/types\/page"}],"author":[{"embeddable":true,"href":"https:\/\/www.nuviatech-protection.com\/cs\/wp-json\/wp\/v2\/users\/132"}],"replies":[{"embeddable":true,"href":"https:\/\/www.nuviatech-protection.com\/cs\/wp-json\/wp\/v2\/comments?post=29110"}],"version-history":[{"count":1,"href":"https:\/\/www.nuviatech-protection.com\/cs\/wp-json\/wp\/v2\/pages\/29110\/revisions"}],"predecessor-version":[{"id":29111,"href":"https:\/\/www.nuviatech-protection.com\/cs\/wp-json\/wp\/v2\/pages\/29110\/revisions\/29111"}],"wp:attachment":[{"href":"https:\/\/www.nuviatech-protection.com\/cs\/wp-json\/wp\/v2\/media?parent=29110"}],"curies":[{"name":"wp","href":"https:\/\/api.w.org\/{rel}","templated":true}]}}